{"id":17,"date":"2020-05-25T16:19:58","date_gmt":"2020-05-25T14:19:58","guid":{"rendered":"https:\/\/zimmerzumatelier.phwien.ac.at\/?page_id=17"},"modified":"2020-07-14T18:02:51","modified_gmt":"2020-07-14T16:02:51","slug":"informationen-fuer-erwachsene","status":"publish","type":"page","link":"https:\/\/zimmerzumatelier.phwien.ac.at\/?page_id=17","title":{"rendered":"Informationen f\u00fcr Erwachsene"},"content":{"rendered":"\t\t<div data-elementor-type=\"wp-page\" data-elementor-id=\"17\" class=\"elementor elementor-17\">\n\t\t\t\t\t\t<section class=\"elementor-section elementor-top-section elementor-element elementor-element-896cdee elementor-section-boxed elementor-section-height-default elementor-section-height-default\" data-id=\"896cdee\" data-element_type=\"section\" data-e-type=\"section\">\n\t\t\t\t\t\t<div class=\"elementor-container elementor-column-gap-default\">\n\t\t\t\t\t<div class=\"elementor-column elementor-col-100 elementor-top-column elementor-element elementor-element-65ccde1\" data-id=\"65ccde1\" data-element_type=\"column\" data-e-type=\"column\">\n\t\t\t<div class=\"elementor-widget-wrap elementor-element-populated\">\n\t\t\t\t\t\t<div class=\"elementor-element elementor-element-f16192a elementor-widget elementor-widget-heading\" data-id=\"f16192a\" data-element_type=\"widget\" data-e-type=\"widget\" data-widget_type=\"heading.default\">\n\t\t\t\t<div class=\"elementor-widget-container\">\n\t\t\t\t\t<h2 class=\"elementor-heading-title elementor-size-default\">Mein Zimmer wird zum Atelier<\/h2>\t\t\t\t<\/div>\n\t\t\t\t<\/div>\n\t\t\t\t\t<\/div>\n\t\t<\/div>\n\t\t\t\t\t<\/div>\n\t\t<\/section>\n\t\t\t\t<section class=\"elementor-section elementor-top-section elementor-element elementor-element-66a37c8 elementor-section-boxed elementor-section-height-default elementor-section-height-default\" data-id=\"66a37c8\" data-element_type=\"section\" data-e-type=\"section\">\n\t\t\t\t\t\t<div class=\"elementor-container elementor-column-gap-default\">\n\t\t\t\t\t<div class=\"elementor-column elementor-col-100 elementor-top-column elementor-element elementor-element-fa1c140\" data-id=\"fa1c140\" data-element_type=\"column\" data-e-type=\"column\">\n\t\t\t<div class=\"elementor-widget-wrap elementor-element-populated\">\n\t\t\t\t\t\t<div class=\"elementor-element elementor-element-0a4d609 elementor-widget elementor-widget-text-editor\" data-id=\"0a4d609\" data-element_type=\"widget\" data-e-type=\"widget\" data-widget_type=\"text-editor.default\">\n\t\t\t\t<div class=\"elementor-widget-container\">\n\t\t\t\t\t\t\t\t\t<p>Mit dieser Webseite mo\u0308chten wir uns einem Thema widmen, welches f\u00fcr uns beide (Maria &amp; Moritz) \u00a0einen hohen Stellenwert hat, n\u00e4mlich die Kreativita\u0308tsfo\u0308rderung. Als Covid-19 O\u0308sterreich erreichte und sich das allta\u0308gliche Leben allma\u0308hlich zu beschra\u0308nken begann, stellten wir uns beide die Frage, wie Kinder weiterhin auch von zu Hause aus ohne An- und Begleitung von pa\u0308dagogischen Kra\u0308ften Anregungen fu\u0308r kreative Ta\u0308tigkeiten und U\u0308bungen erhalten ko\u0308nnen. Nach vielen Ideen und Projektvorschla\u0308gen legten wir uns auf die Entwicklung einer Website fest, die ganz im Sinne der \u201eOpen Educational Resources\u201c stehen sollte.\u00a0<\/p><p>\u201eMein Zimmer wird zum Atelier\u201d bietet f\u00fcnfzehn eigens entwickelte Kreativimpulse, die f\u00fcr Kinder m\u00f6glichst barrierefrei zur Verf\u00fcgung stehen, mit wenig Materialaufwand verbunden sind und kreative Prozesse anregen sollen.\u00a0<\/p>\t\t\t\t\t\t\t\t<\/div>\n\t\t\t\t<\/div>\n\t\t\t\t\t<\/div>\n\t\t<\/div>\n\t\t\t\t\t<\/div>\n\t\t<\/section>\n\t\t\t\t<section class=\"elementor-section elementor-top-section elementor-element elementor-element-e4a1fa5 elementor-section-boxed elementor-section-height-default elementor-section-height-default\" data-id=\"e4a1fa5\" data-element_type=\"section\" data-e-type=\"section\">\n\t\t\t\t\t\t<div class=\"elementor-container elementor-column-gap-default\">\n\t\t\t\t\t<div class=\"elementor-column elementor-col-100 elementor-top-column elementor-element elementor-element-b997a26\" data-id=\"b997a26\" data-element_type=\"column\" data-e-type=\"column\">\n\t\t\t<div class=\"elementor-widget-wrap elementor-element-populated\">\n\t\t\t\t\t\t<div class=\"elementor-element elementor-element-63c3d3c elementor-widget elementor-widget-heading\" data-id=\"63c3d3c\" data-element_type=\"widget\" data-e-type=\"widget\" data-widget_type=\"heading.default\">\n\t\t\t\t<div class=\"elementor-widget-container\">\n\t\t\t\t\t<h2 class=\"elementor-heading-title elementor-size-default\">Auswahl der Kreativimpulse<\/h2>\t\t\t\t<\/div>\n\t\t\t\t<\/div>\n\t\t\t\t\t<\/div>\n\t\t<\/div>\n\t\t\t\t\t<\/div>\n\t\t<\/section>\n\t\t\t\t<section class=\"elementor-section elementor-top-section elementor-element elementor-element-d629be5 elementor-section-boxed elementor-section-height-default elementor-section-height-default\" data-id=\"d629be5\" data-element_type=\"section\" data-e-type=\"section\">\n\t\t\t\t\t\t<div class=\"elementor-container elementor-column-gap-default\">\n\t\t\t\t\t<div class=\"elementor-column elementor-col-100 elementor-top-column elementor-element elementor-element-129673a\" data-id=\"129673a\" data-element_type=\"column\" data-e-type=\"column\">\n\t\t\t<div class=\"elementor-widget-wrap elementor-element-populated\">\n\t\t\t\t\t\t<div class=\"elementor-element elementor-element-908b0d1 elementor-widget elementor-widget-text-editor\" data-id=\"908b0d1\" data-element_type=\"widget\" data-e-type=\"widget\" data-widget_type=\"text-editor.default\">\n\t\t\t\t<div class=\"elementor-widget-container\">\n\t\t\t\t\t\t\t\t\t<div title=\"Page 3\"><p><span style=\"font-family: Roboto, sans-serif; font-size: 14px; font-style: normal; font-variant-caps: normal;\">Die Impulse fu\u0308r das kreative Gestalten sind sehr breit gefa\u0308chert und enthalten Eindr\u00fccke aus verschiedensten Disziplinen, wie Theaterpa\u0308dagogik, Bildnerische Erziehung, Musikpa\u0308dagogik, technisches\/textiles Werken, Deutschdidaktik, Mathematikdidaktik, usw. Ausgewa\u0308hlt und entwickelt werden Gestaltungsauftra\u0308ge anhand klaren Kriterienkataloge, um sicherzustellen, dass diese auch der Theorie der Kreativita\u0308tsforschung entsprechen. Diese Kriterien werden weiter unten im Text kurz angefu\u0308hrt.<\/span><\/p><p><b>Experimentieren<\/b><strong>: <\/strong><span class=\"TextRun BCX0 SCXW147059357\" lang=\"DE-AT\" xml:lang=\"DE-AT\" data-contrast=\"auto\"><span class=\"NormalTextRun BCX0 SCXW147059357\">Eine experimentelle Erschlie\u00dfung der Lebensumwelt erm\u00f6glicht Kindern ihre Erfahrungen und ihr Wissen zu erweitern. Experimente sind Versuche im Umgang mit Gegenst\u00e4nden, Menschen und auch mit sich selbst. In einem experimentellen Umfeld k\u00f6nnen sich Sch\u00fcler*innen ausprobieren und best\u00e4rkende Erlebnisse daraus mitnehmen.<\/span><\/span><\/p><p><strong>Entdecken\u2028:\u00a0<\/strong>Kinder entdecken Geschehnisse in ihrer Umwelt u\u0308ber die verschiedenen Wahrnehmungskana\u0308le ihrer Sinne. Diese Entdeckerfa\u0308higkeit befriedigt die kindliche Neugier und bringt Stolz u\u0308ber gemachte Erkenntnisse und Leistungen.<\/p><\/div><div title=\"Page 3\"><p><strong>Vera\u0308ndern und Verfremden:\u00a0<\/strong>Die Erfahrung, dass Dinge, Situationen, Kommunikation, Bewegung und vieles mehr vera\u0308nderbar sind, ist wesentlich. Nur so ko\u0308nnen Kinder erkennen, dass ihre Lebensumwelt beeinflusst und gestaltet werden kann und sie aktiv an dieser Vera\u0308nderung mitwirken ko\u0308nnen. Viele verschiedenen Varianten ko\u0308nnen zu au\u00dfergewo\u0308hnlichen Ergebnissen fu\u0308hren.<\/p><p><strong>Erfinden:\u00a0<\/strong>Die Fantasie la\u0308sst das Erfinden erst entstehen. Sprache, Musik und Bewegung sind ein Medium, um Gedanken und Ideen ausdru\u0308cken zu ko\u0308nnen. Das Erfinden ist wesentlicher Bestandteil des menschlichen Daseins.<\/p><p><strong>Darstellen\u2028:\u00a0<\/strong>Das Darstellen ermo\u0308glicht Kindern ihre Gedanken, Emotionen, Fantasien und Ideen auszudru\u0308cken und fu\u0308r andere erkennbar zu machen.<\/p><p><span style=\"font-family: Roboto, sans-serif; font-size: 14px; font-variant-caps: normal;\"><i>Diese Methoden der Kreativit\u00e4tsf\u00f6rderung sind angelehnt an: Stummer, Birgitta (2014). Rhythmisch-musikalische Erziehung. Bewegung erklingt &#8211; Musik bewegt (3. Aufl.). Wien, \u00d6sterreich: Manz Verlag.<\/i><\/span><\/p><\/div>\t\t\t\t\t\t\t\t<\/div>\n\t\t\t\t<\/div>\n\t\t\t\t\t<\/div>\n\t\t<\/div>\n\t\t\t\t\t<\/div>\n\t\t<\/section>\n\t\t\t\t<section class=\"elementor-section elementor-top-section elementor-element elementor-element-e4033bf elementor-section-boxed elementor-section-height-default elementor-section-height-default\" data-id=\"e4033bf\" data-element_type=\"section\" data-e-type=\"section\">\n\t\t\t\t\t\t<div class=\"elementor-container elementor-column-gap-default\">\n\t\t\t\t\t<div class=\"elementor-column elementor-col-100 elementor-top-column elementor-element elementor-element-224ef20\" data-id=\"224ef20\" data-element_type=\"column\" data-e-type=\"column\">\n\t\t\t<div class=\"elementor-widget-wrap elementor-element-populated\">\n\t\t\t\t\t\t<div class=\"elementor-element elementor-element-f120971 elementor-widget elementor-widget-image\" data-id=\"f120971\" data-element_type=\"widget\" data-e-type=\"widget\" data-widget_type=\"image.default\">\n\t\t\t\t<div class=\"elementor-widget-container\">\n\t\t\t\t\t\t\t\t\t\t\t\t\t\t\t<img decoding=\"async\" src=\"https:\/\/zimmerzumatelier.phwien.ac.at\/wp-content\/uploads\/2020\/07\/Tabelle-Methodenzuordnung.pdf\" title=\"\" alt=\"\" loading=\"lazy\" \/>\t\t\t\t\t\t\t\t\t\t\t\t\t\t\t<\/div>\n\t\t\t\t<\/div>\n\t\t\t\t\t<\/div>\n\t\t<\/div>\n\t\t\t\t\t<\/div>\n\t\t<\/section>\n\t\t\t\t<section class=\"elementor-section elementor-top-section elementor-element elementor-element-60428fe elementor-section-boxed elementor-section-height-default elementor-section-height-default\" data-id=\"60428fe\" data-element_type=\"section\" data-e-type=\"section\">\n\t\t\t\t\t\t<div class=\"elementor-container elementor-column-gap-default\">\n\t\t\t\t\t<div class=\"elementor-column elementor-col-100 elementor-top-column elementor-element elementor-element-eca46ee\" data-id=\"eca46ee\" data-element_type=\"column\" data-e-type=\"column\">\n\t\t\t<div class=\"elementor-widget-wrap elementor-element-populated\">\n\t\t\t\t\t\t<div class=\"elementor-element elementor-element-b1a6882 elementor-widget elementor-widget-heading\" data-id=\"b1a6882\" data-element_type=\"widget\" data-e-type=\"widget\" data-widget_type=\"heading.default\">\n\t\t\t\t<div class=\"elementor-widget-container\">\n\t\t\t\t\t<h2 class=\"elementor-heading-title elementor-size-default\"><i>Kreativit\u00e4t<\/i>?<\/h2>\t\t\t\t<\/div>\n\t\t\t\t<\/div>\n\t\t\t\t\t<\/div>\n\t\t<\/div>\n\t\t\t\t\t<\/div>\n\t\t<\/section>\n\t\t\t\t<section class=\"elementor-section elementor-top-section elementor-element elementor-element-5f56e3d elementor-section-boxed elementor-section-height-default elementor-section-height-default\" data-id=\"5f56e3d\" data-element_type=\"section\" data-e-type=\"section\">\n\t\t\t\t\t\t<div class=\"elementor-container elementor-column-gap-default\">\n\t\t\t\t\t<div class=\"elementor-column elementor-col-100 elementor-top-column elementor-element elementor-element-c16a6fd\" data-id=\"c16a6fd\" data-element_type=\"column\" data-e-type=\"column\">\n\t\t\t<div class=\"elementor-widget-wrap elementor-element-populated\">\n\t\t\t\t\t\t<div class=\"elementor-element elementor-element-ca3395e elementor-widget elementor-widget-text-editor\" data-id=\"ca3395e\" data-element_type=\"widget\" data-e-type=\"widget\" data-widget_type=\"text-editor.default\">\n\t\t\t\t<div class=\"elementor-widget-container\">\n\t\t\t\t\t\t\t\t\t<div class=\"page\" title=\"Page 1\">\n<div class=\"section\">\n<div class=\"layoutArea\">\n<div class=\"column\">\n<p>Der Begriff Kreativita\u0308t wird im schulischen Kontext, aber auch im gesellschaftlichen Umfeld ha\u0308ufig verwendet und thematisiert. Oft wird er falsch definiert und verstanden oder auch an unpassender Stelle verwendet. Kreativita\u0308t wird vor allem mit der Beherrschung&nbsp;<span style=\"font-size: 14px;\">ku\u0308nstlerischer Techniken assoziiert und es existiert die weit verbreitete Vorstellung, dass es sich um eine Fa\u0308higkeit oder ein Talent handle, dass nur wenigen vorenthalten sei. Diese missverstandene Auffassung fu\u0308hrt dazu, dass im allta\u0308glichen Diskurs die Thematik Kreativita\u0308tsfo\u0308rderung oft bela\u0308chelt wird und als wenig wesentlich eingestuft wird. Wortkonstruktionen wie \u201everhaltenskreativ\u201c zeigen, dass unkonventionelles, kreatives Handeln von Kinder oft aneckt, und so Kreativita\u0308t negativ behaftet wird.<\/span><\/p><\/div><\/div><\/div><\/div><div class=\"page\" title=\"Page 2\"><div class=\"section\"><div class=\"layoutArea\"><div class=\"column\">\n<p>Mo\u0308chte man die Fa\u0308higkeiten, Ideen und unterschiedlichen Mo\u0308glichkeiten von Kindern nutzen und fo\u0308rdern, ist es wesentlich sich mit dem kreativen Potenzial von jungen Menschen auseinanderzusetzen und dessen Fo\u0308rderung ernst zu nehmen.<\/p>\n<\/div>\n<\/div>\n<\/div>\n<\/div>\t\t\t\t\t\t\t\t<\/div>\n\t\t\t\t<\/div>\n\t\t\t\t\t<\/div>\n\t\t<\/div>\n\t\t\t\t\t<\/div>\n\t\t<\/section>\n\t\t\t\t<\/div>\n\t\t","protected":false},"excerpt":{"rendered":"<p>Mein Zimmer wird zum Atelier Mit dieser Webseite mo\u0308chten wir uns einem Thema widmen, welches f\u00fcr uns beide (Maria &amp; Moritz) \u00a0einen hohen Stellenwert hat, n\u00e4mlich die Kreativita\u0308tsfo\u0308rderung. Als Covid-19 O\u0308sterreich erreichte und sich das allta\u0308gliche Leben allma\u0308hlich zu beschra\u0308nken begann, stellten wir uns beide die Frage, wie Kinder weiterhin auch von zu Hause aus [&hellip;]<\/p>\n","protected":false},"author":1,"featured_media":0,"parent":0,"menu_order":0,"comment_status":"closed","ping_status":"closed","template":"","meta":{"ocean_post_layout":"","ocean_both_sidebars_style":"","ocean_both_sidebars_content_width":0,"ocean_both_sidebars_sidebars_width":0,"ocean_sidebar":"0","ocean_second_sidebar":"0","ocean_disable_margins":"enable","ocean_add_body_class":"","ocean_shortcode_before_top_bar":"","ocean_shortcode_after_top_bar":"","ocean_shortcode_before_header":"","ocean_shortcode_after_header":"","ocean_has_shortcode":"","ocean_shortcode_after_title":"","ocean_shortcode_before_footer_widgets":"","ocean_shortcode_after_footer_widgets":"","ocean_shortcode_before_footer_bottom":"","ocean_shortcode_after_footer_bottom":"","ocean_display_top_bar":"default","ocean_display_header":"default","ocean_header_style":"","ocean_center_header_left_menu":"0","ocean_custom_header_template":"0","ocean_custom_logo":0,"ocean_custom_retina_logo":0,"ocean_custom_logo_max_width":0,"ocean_custom_logo_tablet_max_width":0,"ocean_custom_logo_mobile_max_width":0,"ocean_custom_logo_max_height":0,"ocean_custom_logo_tablet_max_height":0,"ocean_custom_logo_mobile_max_height":0,"ocean_header_custom_menu":"0","ocean_menu_typo_font_family":"0","ocean_menu_typo_font_subset":"","ocean_menu_typo_font_size":0,"ocean_menu_typo_font_size_tablet":0,"ocean_menu_typo_font_size_mobile":0,"ocean_menu_typo_font_size_unit":"px","ocean_menu_typo_font_weight":"","ocean_menu_typo_font_weight_tablet":"","ocean_menu_typo_font_weight_mobile":"","ocean_menu_typo_transform":"","ocean_menu_typo_transform_tablet":"","ocean_menu_typo_transform_mobile":"","ocean_menu_typo_line_height":0,"ocean_menu_typo_line_height_tablet":0,"ocean_menu_typo_line_height_mobile":0,"ocean_menu_typo_line_height_unit":"","ocean_menu_typo_spacing":0,"ocean_menu_typo_spacing_tablet":0,"ocean_menu_typo_spacing_mobile":0,"ocean_menu_typo_spacing_unit":"","ocean_menu_link_color":"","ocean_menu_link_color_hover":"","ocean_menu_link_color_active":"","ocean_menu_link_background":"","ocean_menu_link_hover_background":"","ocean_menu_link_active_background":"","ocean_menu_social_links_bg":"","ocean_menu_social_hover_links_bg":"","ocean_menu_social_links_color":"","ocean_menu_social_hover_links_color":"","ocean_disable_title":"default","ocean_disable_heading":"default","ocean_post_title":"","ocean_post_subheading":"","ocean_post_title_style":"","ocean_post_title_background_color":"","ocean_post_title_background":0,"ocean_post_title_bg_image_position":"","ocean_post_title_bg_image_attachment":"","ocean_post_title_bg_image_repeat":"","ocean_post_title_bg_image_size":"","ocean_post_title_height":0,"ocean_post_title_bg_overlay":0.5,"ocean_post_title_bg_overlay_color":"","ocean_disable_breadcrumbs":"default","ocean_breadcrumbs_color":"","ocean_breadcrumbs_separator_color":"","ocean_breadcrumbs_links_color":"","ocean_breadcrumbs_links_hover_color":"","ocean_display_footer_widgets":"default","ocean_display_footer_bottom":"default","ocean_custom_footer_template":"0","footnotes":""},"class_list":["post-17","page","type-page","status-publish","hentry","entry"],"_links":{"self":[{"href":"https:\/\/zimmerzumatelier.phwien.ac.at\/index.php?rest_route=\/wp\/v2\/pages\/17","targetHints":{"allow":["GET"]}}],"collection":[{"href":"https:\/\/zimmerzumatelier.phwien.ac.at\/index.php?rest_route=\/wp\/v2\/pages"}],"about":[{"href":"https:\/\/zimmerzumatelier.phwien.ac.at\/index.php?rest_route=\/wp\/v2\/types\/page"}],"author":[{"embeddable":true,"href":"https:\/\/zimmerzumatelier.phwien.ac.at\/index.php?rest_route=\/wp\/v2\/users\/1"}],"replies":[{"embeddable":true,"href":"https:\/\/zimmerzumatelier.phwien.ac.at\/index.php?rest_route=%2Fwp%2Fv2%2Fcomments&post=17"}],"version-history":[{"count":10,"href":"https:\/\/zimmerzumatelier.phwien.ac.at\/index.php?rest_route=\/wp\/v2\/pages\/17\/revisions"}],"predecessor-version":[{"id":373,"href":"https:\/\/zimmerzumatelier.phwien.ac.at\/index.php?rest_route=\/wp\/v2\/pages\/17\/revisions\/373"}],"wp:attachment":[{"href":"https:\/\/zimmerzumatelier.phwien.ac.at\/index.php?rest_route=%2Fwp%2Fv2%2Fmedia&parent=17"}],"curies":[{"name":"wp","href":"https:\/\/api.w.org\/{rel}","templated":true}]}}